{"id":954,"date":"2025-01-10T08:42:10","date_gmt":"2025-01-10T13:42:10","guid":{"rendered":"https:\/\/moranorooftile.com\/?post_type=product&#038;p=954"},"modified":"2025-10-16T09:59:12","modified_gmt":"2025-10-16T14:59:12","slug":"flat","status":"publish","type":"product","link":"https:\/\/moranoimperialroofs.com\/es\/producto\/flat\/","title":{"rendered":"Flat"},"content":{"rendered":"<p class=\"p1\"><img fetchpriority=\"high\" decoding=\"async\" class=\"wp-image-1916 size-large aligncenter\" src=\"https:\/\/moranoimperialroofs.com\/wp-content\/uploads\/2025\/01\/Captura-de-pantalla-2025-10-16-a-las-9.57.22-a.m-1024x790.png\" alt=\"\" width=\"1024\" height=\"790\" srcset=\"https:\/\/moranoimperialroofs.com\/wp-content\/uploads\/2025\/01\/Captura-de-pantalla-2025-10-16-a-las-9.57.22-a.m-1024x790.png 1024w, https:\/\/moranoimperialroofs.com\/wp-content\/uploads\/2025\/01\/Captura-de-pantalla-2025-10-16-a-las-9.57.22-a.m-300x231.png 300w, https:\/\/moranoimperialroofs.com\/wp-content\/uploads\/2025\/01\/Captura-de-pantalla-2025-10-16-a-las-9.57.22-a.m-768x593.png 768w, https:\/\/moranoimperialroofs.com\/wp-content\/uploads\/2025\/01\/Captura-de-pantalla-2025-10-16-a-las-9.57.22-a.m-1536x1185.png 1536w, https:\/\/moranoimperialroofs.com\/wp-content\/uploads\/2025\/01\/Captura-de-pantalla-2025-10-16-a-las-9.57.22-a.m-16x12.png 16w, https:\/\/moranoimperialroofs.com\/wp-content\/uploads\/2025\/01\/Captura-de-pantalla-2025-10-16-a-las-9.57.22-a.m-600x463.png 600w, https:\/\/moranoimperialroofs.com\/wp-content\/uploads\/2025\/01\/Captura-de-pantalla-2025-10-16-a-las-9.57.22-a.m.png 1768w\" sizes=\"(max-width: 1024px) 100vw, 1024px\" \/><\/p>\n<p>&nbsp;<\/p>\n<p>&nbsp;<\/p>\n<p class=\"p1\">","protected":false},"excerpt":{"rendered":"<p class=\"p1\">Nuestra \u201cFLAT CONCRETE\u201d tiene una superficie plana y un dise\u00f1o simple que crea l\u00edneas limpias en el techo, lo que le da un aspecto\nmoderno y minimalista.<\/p>\n<p class=\"p1\">Excelente opci\u00f3n para aquellos que buscan un techo con un dise\u00f1o contempor\u00e1neo, duradero y eficiente desde el punto de vista energ\u00e9tico. Su perfil plano y variedad de acabados permiten una integraci\u00f3n\narquitect\u00f3nica elegante.<\/p>\n<p>La baldosa Flat Concrete es la elecci\u00f3n perfecta para quienes buscan un dise\u00f1o moderno, elegante y de alto rendimiento. Su perfil minimalista y sus l\u00edneas limpias aportan un estilo contempor\u00e1neo que complementa cualquier tipo arquitect\u00f3nico, desde proyectos residenciales a comerciales.<\/p>","protected":false},"featured_media":1556,"template":"","meta":{"site-sidebar-layout":"default","site-content-layout":"","ast-site-content-layout":"default","site-content-style":"default","site-sidebar-style":"default","ast-global-header-display":"","ast-banner-title-visibility":"","ast-main-header-display":"","ast-hfb-above-header-display":"","ast-hfb-below-header-display":"","ast-hfb-mobile-header-display":"","site-post-title":"","ast-breadcrumbs-content":"","ast-featured-img":"","footer-sml-layout":"","ast-disable-related-posts":"","theme-transparent-header-meta":"default","adv-header-id-meta":"","stick-header-meta":"default","header-above-stick-meta":"","header-main-stick-meta":"","header-below-stick-meta":"","astra-migrate-meta-layouts":"set","ast-page-background-enabled":"default","ast-page-background-meta":{"desktop":{"background-color":"var(--ast-global-color-4)","background-image":"","background-repeat":"repeat","background-position":"center center","background-size":"auto","background-attachment":"scroll","background-type":"","background-media":"","overlay-type":"","overlay-color":"","overlay-opacity":"","overlay-gradient":""},"tablet":{"background-color":"","background-image":"","background-repeat":"repeat","background-position":"center center","background-size":"auto","background-attachment":"scroll","background-type":"","background-media":"","overlay-type":"","overlay-color":"","overlay-opacity":"","overlay-gradient":""},"mobile":{"background-color":"","background-image":"","background-repeat":"repeat","background-position":"center center","background-size":"auto","background-attachment":"scroll","background-type":"","background-media":"","overlay-type":"","overlay-color":"","overlay-opacity":"","overlay-gradient":""}},"ast-content-background-meta":{"desktop":{"background-color":"var(--ast-global-color-5)","background-image":"","background-repeat":"repeat","background-position":"center center","background-size":"auto","background-attachment":"scroll","background-type":"","background-media":"","overlay-type":"","overlay-color":"","overlay-opacity":"","overlay-gradient":""},"tablet":{"background-color":"var(--ast-global-color-5)","background-image":"","background-repeat":"repeat","background-position":"center center","background-size":"auto","background-attachment":"scroll","background-type":"","background-media":"","overlay-type":"","overlay-color":"","overlay-opacity":"","overlay-gradient":""},"mobile":{"background-color":"var(--ast-global-color-5)","background-image":"","background-repeat":"repeat","background-position":"center center","background-size":"auto","background-attachment":"scroll","background-type":"","background-media":"","overlay-type":"","overlay-color":"","overlay-opacity":"","overlay-gradient":""}}},"product_brand":[],"product_cat":[56],"product_tag":[],"class_list":{"0":"post-954","1":"product","2":"type-product","3":"status-publish","4":"has-post-thumbnail","6":"product_cat-roof-tile","7":"desktop-align-left","8":"tablet-align-left","9":"mobile-align-left","10":"ast-product-gallery-layout-horizontal-slider","11":"ast-product-gallery-with-no-image","12":"ast-product-single-variable","13":"ast-product-tabs-layout-accordion","15":"first","16":"instock","17":"shipping-taxable","18":"purchasable","19":"product-type-variable","20":"wvs-archive-product-wrapper"},"_links":{"self":[{"href":"https:\/\/moranoimperialroofs.com\/es\/wp-json\/wp\/v2\/product\/954","targetHints":{"allow":["GET"]}}],"collection":[{"href":"https:\/\/moranoimperialroofs.com\/es\/wp-json\/wp\/v2\/product"}],"about":[{"href":"https:\/\/moranoimperialroofs.com\/es\/wp-json\/wp\/v2\/types\/product"}],"wp:featuredmedia":[{"embeddable":true,"href":"https:\/\/moranoimperialroofs.com\/es\/wp-json\/wp\/v2\/media\/1556"}],"wp:attachment":[{"href":"https:\/\/moranoimperialroofs.com\/es\/wp-json\/wp\/v2\/media?parent=954"}],"wp:term":[{"taxonomy":"product_brand","embeddable":true,"href":"https:\/\/moranoimperialroofs.com\/es\/wp-json\/wp\/v2\/product_brand?post=954"},{"taxonomy":"product_cat","embeddable":true,"href":"https:\/\/moranoimperialroofs.com\/es\/wp-json\/wp\/v2\/product_cat?post=954"},{"taxonomy":"product_tag","embeddable":true,"href":"https:\/\/moranoimperialroofs.com\/es\/wp-json\/wp\/v2\/product_tag?post=954"}],"curies":[{"name":"wp","href":"https:\/\/api.w.org\/{rel}","templated":true}]}}