{"id":1267,"date":"2025-01-12T10:19:18","date_gmt":"2025-01-12T15:19:18","guid":{"rendered":"https:\/\/moranorooftile.com\/?post_type=product&#038;p=1267"},"modified":"2025-08-08T17:51:08","modified_gmt":"2025-08-08T22:51:08","slug":"floridian-style-coppo-veneto","status":"publish","type":"product","link":"https:\/\/moranoimperialroofs.com\/es\/producto\/floridian-style-coppo-veneto\/","title":{"rendered":"Estilo floridano Coppo Veneto"},"content":{"rendered":"<p><b>\u00bfPor qu\u00e9 las tejas de hormig\u00f3n pueden tener variaciones de color?<\/b><\/p>\n<p>En Tejas Morano, nos enorgullecemos de ofrecer tejas de hormig\u00f3n de alta calidad que combinan resistencia, durabilidad y est\u00e9tica. Sin embargo, es importante tener en cuenta que debido a la naturaleza de los materiales utilizados, pueden producirse ligeras variaciones de color en las tejas.<\/p>\n<p>Estas diferencias no s\u00f3lo son normales, sino que a\u00f1aden un car\u00e1cter \u00fanico y aut\u00e9ntico a nuestros azulejos, reflejo de su proceso de fabricaci\u00f3n sostenible y artesanal. Le aseguramos que estas variaciones no comprometen en modo alguno la calidad, funcionalidad o durabilidad del producto.<\/p>\n<p>Si la uniformidad del color es esencial para proyectos espec\u00edficos, recomendamos comprar baldosas del mismo lote de producci\u00f3n. Nuestro equipo est\u00e1 siempre a su disposici\u00f3n para orientarle y garantizarle los mejores resultados para su proyecto.<\/p>","protected":false},"excerpt":{"rendered":"<p>Why Can Concrete Roof Tiles Have Color Variations? At Morano Imperial Roof, we take pride in offering high-quality concrete tiles that combine strength, durability, and aesthetics. However, it\u2019s important to note that due to the nature of the materials used, slight color variations in the tiles may occur. These differences are not only normal but [&hellip;]<\/p>","protected":false},"featured_media":1568,"template":"","meta":{"site-sidebar-layout":"default","site-content-layout":"","ast-site-content-layout":"default","site-content-style":"default","site-sidebar-style":"default","ast-global-header-display":"","ast-banner-title-visibility":"","ast-main-header-display":"","ast-hfb-above-header-display":"","ast-hfb-below-header-display":"","ast-hfb-mobile-header-display":"","site-post-title":"","ast-breadcrumbs-content":"","ast-featured-img":"","footer-sml-layout":"","ast-disable-related-posts":"","theme-transparent-header-meta":"default","adv-header-id-meta":"","stick-header-meta":"default","header-above-stick-meta":"","header-main-stick-meta":"","header-below-stick-meta":"","astra-migrate-meta-layouts":"set","ast-page-background-enabled":"default","ast-page-background-meta":{"desktop":{"background-color":"var(--ast-global-color-4)","background-image":"","background-repeat":"repeat","background-position":"center center","background-size":"auto","background-attachment":"scroll","background-type":"","background-media":"","overlay-type":"","overlay-color":"","overlay-opacity":"","overlay-gradient":""},"tablet":{"background-color":"","background-image":"","background-repeat":"repeat","background-position":"center center","background-size":"auto","background-attachment":"scroll","background-type":"","background-media":"","overlay-type":"","overlay-color":"","overlay-opacity":"","overlay-gradient":""},"mobile":{"background-color":"","background-image":"","background-repeat":"repeat","background-position":"center center","background-size":"auto","background-attachment":"scroll","background-type":"","background-media":"","overlay-type":"","overlay-color":"","overlay-opacity":"","overlay-gradient":""}},"ast-content-background-meta":{"desktop":{"background-color":"var(--ast-global-color-5)","background-image":"","background-repeat":"repeat","background-position":"center center","background-size":"auto","background-attachment":"scroll","background-type":"","background-media":"","overlay-type":"","overlay-color":"","overlay-opacity":"","overlay-gradient":""},"tablet":{"background-color":"var(--ast-global-color-5)","background-image":"","background-repeat":"repeat","background-position":"center center","background-size":"auto","background-attachment":"scroll","background-type":"","background-media":"","overlay-type":"","overlay-color":"","overlay-opacity":"","overlay-gradient":""},"mobile":{"background-color":"var(--ast-global-color-5)","background-image":"","background-repeat":"repeat","background-position":"center center","background-size":"auto","background-attachment":"scroll","background-type":"","background-media":"","overlay-type":"","overlay-color":"","overlay-opacity":"","overlay-gradient":""}}},"product_brand":[],"product_cat":[55],"product_tag":[],"class_list":{"0":"post-1267","1":"product","2":"type-product","3":"status-publish","4":"has-post-thumbnail","6":"product_cat-type-of-house","7":"desktop-align-left","8":"tablet-align-left","9":"mobile-align-left","10":"ast-product-gallery-layout-horizontal-slider","11":"ast-product-gallery-with-no-image","12":"ast-product-single-variable","13":"ast-product-tabs-layout-accordion","15":"first","16":"instock","17":"shipping-taxable","18":"purchasable","19":"product-type-variable","20":"wvs-archive-product-wrapper"},"_links":{"self":[{"href":"https:\/\/moranoimperialroofs.com\/es\/wp-json\/wp\/v2\/product\/1267","targetHints":{"allow":["GET"]}}],"collection":[{"href":"https:\/\/moranoimperialroofs.com\/es\/wp-json\/wp\/v2\/product"}],"about":[{"href":"https:\/\/moranoimperialroofs.com\/es\/wp-json\/wp\/v2\/types\/product"}],"wp:featuredmedia":[{"embeddable":true,"href":"https:\/\/moranoimperialroofs.com\/es\/wp-json\/wp\/v2\/media\/1568"}],"wp:attachment":[{"href":"https:\/\/moranoimperialroofs.com\/es\/wp-json\/wp\/v2\/media?parent=1267"}],"wp:term":[{"taxonomy":"product_brand","embeddable":true,"href":"https:\/\/moranoimperialroofs.com\/es\/wp-json\/wp\/v2\/product_brand?post=1267"},{"taxonomy":"product_cat","embeddable":true,"href":"https:\/\/moranoimperialroofs.com\/es\/wp-json\/wp\/v2\/product_cat?post=1267"},{"taxonomy":"product_tag","embeddable":true,"href":"https:\/\/moranoimperialroofs.com\/es\/wp-json\/wp\/v2\/product_tag?post=1267"}],"curies":[{"name":"wp","href":"https:\/\/api.w.org\/{rel}","templated":true}]}}