{"id":333,"date":"2024-11-19T10:42:49","date_gmt":"2024-11-19T15:42:49","guid":{"rendered":"https:\/\/moranorooftile.com\/?page_id=333"},"modified":"2025-08-07T22:07:45","modified_gmt":"2025-08-08T03:07:45","slug":"home-2","status":"publish","type":"page","link":"https:\/\/moranoimperialroofs.com\/es\/","title":{"rendered":"Inicio"},"content":{"rendered":"<div data-elementor-type=\"wp-page\" data-elementor-id=\"333\" class=\"elementor elementor-333\" data-elementor-post-type=\"page\">\n\t\t\t\t<div class=\"elementor-element elementor-element-43e6c4e e-con-full e-flex e-con e-parent\" data-id=\"43e6c4e\" data-element_type=\"container\" data-settings=\"{&quot;background_background&quot;:&quot;classic&quot;}\">\n\t\t<div class=\"elementor-element elementor-element-306e5c5 e-flex e-con-boxed e-con e-child\" data-id=\"306e5c5\" data-element_type=\"container\" data-settings=\"{&quot;background_background&quot;:&quot;classic&quot;}\">\n\t\t\t\t\t<div class=\"e-con-inner\">\n\t\t\t\t<div class=\"elementor-element elementor-element-69b7c6f elementor-widget elementor-widget-heading\" data-id=\"69b7c6f\" data-element_type=\"widget\" data-widget_type=\"heading.default\">\n\t\t\t\t<div class=\"elementor-widget-container\">\n\t\t\t\t\t<h3 class=\"elementor-heading-title elementor-size-default\">Nuestros azulejos son producidos en Colombia y Brasil por MORANO GRUPPO, empresa galardonada por BID GROUP ONE en la categor\u00eda oro por calidad de productos y servicios en 2017.<\/h3>\t\t\t\t<\/div>\n\t\t\t\t<\/div>\n\t\t\t\t<div class=\"elementor-element elementor-element-d12ece5 elementor-align-center elementor-widget elementor-widget-button\" data-id=\"d12ece5\" data-element_type=\"widget\" data-widget_type=\"button.default\">\n\t\t\t\t<div class=\"elementor-widget-container\">\n\t\t\t\t\t\t\t\t\t<div class=\"elementor-button-wrapper\">\n\t\t\t\t\t<a class=\"elementor-button elementor-button-link elementor-size-sm\" href=\"https:\/\/moranoimperialroofs.com\/es\/about-us\/\">\n\t\t\t\t\t\t<span class=\"elementor-button-content-wrapper\">\n\t\t\t\t\t\t\t\t\t<span class=\"elementor-button-text\">Seguir leyendo<\/span>\n\t\t\t\t\t<\/span>\n\t\t\t\t\t<\/a>\n\t\t\t\t<\/div>\n\t\t\t\t\t\t\t\t<\/div>\n\t\t\t\t<\/div>\n\t\t\t\t\t<\/div>\n\t\t\t\t<\/div>\n\t\t\t\t<\/div>\n\t\t<div class=\"elementor-element elementor-element-vugjpoa e-flex e-con-boxed e-con e-parent\" data-id=\"vugjpoa\" data-element_type=\"container\" data-settings=\"{&quot;background_background&quot;:&quot;classic&quot;}\">\n\t\t\t\t\t<div class=\"e-con-inner\">\n\t\t<div class=\"elementor-element elementor-element-677c85f e-con-full e-flex e-con e-child\" data-id=\"677c85f\" data-element_type=\"container\" data-settings=\"{&quot;background_background&quot;:&quot;classic&quot;}\">\n\t\t\t\t<div class=\"elementor-element elementor-element-cddfdfa elementor-widget elementor-widget-text-editor\" data-id=\"cddfdfa\" data-element_type=\"widget\" data-widget_type=\"text-editor.default\">\n\t\t\t\t<div class=\"elementor-widget-container\">\n\t\t\t\t\t\t\t\t\t<p class=\"p1\">Al trabajar con nosotros, tendr\u00e1 la tranquilidad de saber que trabaja con un proveedor comprometido con la excelencia y la satisfacci\u00f3n del cliente.<\/p><p class=\"p1\">Estamos aqu\u00ed para ayudarle a construir cubiertas que no s\u00f3lo protejan, sino que tambi\u00e9n realcen la belleza de cada instalaci\u00f3n.<\/p>\t\t\t\t\t\t\t\t<\/div>\n\t\t\t\t<\/div>\n\t\t\t\t<div class=\"elementor-element elementor-element-db47143 elementor-widget elementor-widget-beaf-slider\" data-id=\"db47143\" data-element_type=\"widget\" data-widget_type=\"beaf-slider.default\">\n\t\t\t\t<div class=\"elementor-widget-container\">\n\t\t\t\t\t\n\t\t\t\n\t<style type=\"text\/css\">\n\t\t.slider-info-1033.bafg-slider-info .bafg-slider-title {\n\t\t\t\t\t\t\tfont-size:\n\t\t\t\t\t22px\t\t\t\t;\n\t\t\t\n\t\t\t\n\t\t\t\t\t\t\ttext-align:\n\t\t\t\t\tcenter\t\t\t\t;\n\t\t\t\t\t}\n\n\t\t.slider-info-1033.bafg-slider-info .bafg-slider-description {\n\t\t\t\n\t\t\t\n\t\t\t\t\t\t\ttext-align:\n\t\t\t\t\tcenter\t\t\t\t;\n\t\t\t\t\t}\n\t\t\n\t\t\t\t\t.slider-info-1033.bafg-slider-info .bafg_slider_readmore_button_wrap{\n\t\t\t\t\tdisplay: flex;\n\t\t\t\t\tjustify-content: center;\n\n\t\t\t\t}\n\t\t\n\t\t.slider-info-1033.bafg-slider-info .bafg_slider_readmore_button {\n\t\t\t\n\t\t\t\n\t\t\t\n\t\t\t\n\t\t\t\n\t\t\ttext-align: center;\n\n\t\t\t\n\t\t\t\n\t\t\t\n\t\t\t\n\t\t\t\t\t}\n\n\t\t.slider-info-1033.bafg-slider-info .bafg_slider_readmore_button:hover {\n\n\t\t\t\n\t\t\t\n\t\t\t\t\t}\n\t<\/style>\n\t\n\t\t\t<div class=\"bafg-twentytwenty-container slider-1033\"\n\t\t\t\tbafg-orientation=\"horizontal\" bafg-default-offset=\"0.5\"\n\t\t\t\tbafg-before-label=\"Before\"\n\t\t\t\tbafg-after-label=\"After\" bafg-overlay=\"\"\n\t\t\t\tbafg-move-slider-on-hover=\"1\"\n\t\t\t\tbafg-click-to-move=\"\">\n\n\t\t\t\t\t\t\t\t<img class=\"skip-lazy\" data-skip-lazy\t\t\t\t\tsrc=\"https:\/\/moranoimperialroofs.com\/wp-content\/uploads\/2025\/01\/BRONZITE-2.jpg\" alt=\"\">\n\t\t\t\t<img class=\"skip-lazy\" data-skip-lazy\t\t\t\t\tsrc=\"https:\/\/moranoimperialroofs.com\/wp-content\/uploads\/2025\/01\/JASPER-BLEND-2.jpg\" alt=\"\">\n\n\t\t\t<\/div>\n\n\t\t\t\t<div class=\"bafg-slider-info-wraper\">\n\t\t<div style=\"\" class=\"slider-info-1033 bafg-slider-info\">\n\t\t\t\t\t<\/div>\n\t<\/div>\n\t\n\t\t\t<style type=\"text\/css\">\n\t\t\t\t\t\t\t\t\t\t\t<\/style>\n\t\t\t\t\t\t\t<\/div>\n\t\t\t\t<\/div>\n\t\t\t\t<\/div>\n\t\t\t\t\t<\/div>\n\t\t\t\t<\/div>\n\t\t<div class=\"elementor-element elementor-element-11ff034a e-con-full e-flex e-con e-parent\" data-id=\"11ff034a\" data-element_type=\"container\">\n\t\t<div class=\"elementor-element elementor-element-dd0ae19 e-flex e-con-boxed e-con e-child\" data-id=\"dd0ae19\" data-element_type=\"container\" data-settings=\"{&quot;background_background&quot;:&quot;classic&quot;}\">\n\t\t\t\t\t<div class=\"e-con-inner\">\n\t\t<div class=\"elementor-element elementor-element-5ac9d9b2 e-con-full e-flex e-con e-child\" data-id=\"5ac9d9b2\" data-element_type=\"container\" data-settings=\"{&quot;background_background&quot;:&quot;classic&quot;}\">\n\t\t\t\t<div class=\"elementor-element elementor-element-5cb0a79d elementor-widget elementor-widget-heading\" data-id=\"5cb0a79d\" data-element_type=\"widget\" data-widget_type=\"heading.default\">\n\t\t\t\t<div class=\"elementor-widget-container\">\n\t\t\t\t\t<h3 class=\"elementor-heading-title elementor-size-default\">DESIGN SIMULATOR<\/h3>\t\t\t\t<\/div>\n\t\t\t\t<\/div>\n\t\t<div class=\"elementor-element elementor-element-391068 e-con-full e-flex e-con e-child\" data-id=\"391068\" data-element_type=\"container\" data-settings=\"{&quot;background_background&quot;:&quot;classic&quot;}\">\n\t\t<div class=\"elementor-element elementor-element-1e128c1b e-con-full e-flex e-con e-child\" data-id=\"1e128c1b\" data-element_type=\"container\" data-settings=\"{&quot;background_background&quot;:&quot;classic&quot;}\">\n\t\t\t\t<div class=\"elementor-element elementor-element-6dbbd4e elementor-position-top elementor-widget elementor-widget-image-box\" data-id=\"6dbbd4e\" data-element_type=\"widget\" data-widget_type=\"image-box.default\">\n\t\t\t\t<div class=\"elementor-widget-container\">\n\t\t\t\t\t<div class=\"elementor-image-box-wrapper\"><figure class=\"elementor-image-box-img\"><a href=\"https:\/\/moranoimperialroofs.com\/es\/producto\/floridian-style-coppo-veneto\/\" tabindex=\"-1\"><img fetchpriority=\"high\" decoding=\"async\" width=\"1280\" height=\"690\" src=\"https:\/\/moranoimperialroofs.com\/wp-content\/uploads\/2025\/01\/RUBI-copia.jpg\" class=\"attachment-full size-full wp-image-1568 wvs-archive-product-image\" alt=\"\" srcset=\"https:\/\/moranoimperialroofs.com\/wp-content\/uploads\/2025\/01\/RUBI-copia.jpg 1280w, https:\/\/moranoimperialroofs.com\/wp-content\/uploads\/2025\/01\/RUBI-copia-300x162.jpg 300w, https:\/\/moranoimperialroofs.com\/wp-content\/uploads\/2025\/01\/RUBI-copia-1024x552.jpg 1024w, https:\/\/moranoimperialroofs.com\/wp-content\/uploads\/2025\/01\/RUBI-copia-768x414.jpg 768w, https:\/\/moranoimperialroofs.com\/wp-content\/uploads\/2025\/01\/RUBI-copia-18x10.jpg 18w, https:\/\/moranoimperialroofs.com\/wp-content\/uploads\/2025\/01\/RUBI-copia-600x323.jpg 600w\" sizes=\"(max-width: 1280px) 100vw, 1280px\" \/><\/a><\/figure><div class=\"elementor-image-box-content\"><h3 class=\"elementor-image-box-title\"><a href=\"https:\/\/moranoimperialroofs.com\/es\/producto\/floridian-style-coppo-veneto\/\">Estilo floridano Coppo Veneto<\/a><\/h3><\/div><\/div>\t\t\t\t<\/div>\n\t\t\t\t<\/div>\n\t\t\t\t<\/div>\n\t\t<div class=\"elementor-element elementor-element-2cb43534 e-con-full e-flex e-con e-child\" data-id=\"2cb43534\" data-element_type=\"container\" data-settings=\"{&quot;background_background&quot;:&quot;classic&quot;}\">\n\t\t\t\t<div class=\"elementor-element elementor-element-967235b elementor-position-top elementor-widget elementor-widget-image-box\" data-id=\"967235b\" data-element_type=\"widget\" data-widget_type=\"image-box.default\">\n\t\t\t\t<div class=\"elementor-widget-container\">\n\t\t\t\t\t<div class=\"elementor-image-box-wrapper\"><figure class=\"elementor-image-box-img\"><a href=\"https:\/\/moranoimperialroofs.com\/es\/producto\/floridian-style-fiorentina\/\" tabindex=\"-1\"><img decoding=\"async\" width=\"1280\" height=\"690\" src=\"https:\/\/moranoimperialroofs.com\/wp-content\/uploads\/2025\/01\/RUBI-2.jpg\" class=\"attachment-full size-full wp-image-1575 wvs-archive-product-image\" alt=\"\" srcset=\"https:\/\/moranoimperialroofs.com\/wp-content\/uploads\/2025\/01\/RUBI-2.jpg 1280w, https:\/\/moranoimperialroofs.com\/wp-content\/uploads\/2025\/01\/RUBI-2-300x162.jpg 300w, https:\/\/moranoimperialroofs.com\/wp-content\/uploads\/2025\/01\/RUBI-2-1024x552.jpg 1024w, https:\/\/moranoimperialroofs.com\/wp-content\/uploads\/2025\/01\/RUBI-2-768x414.jpg 768w, https:\/\/moranoimperialroofs.com\/wp-content\/uploads\/2025\/01\/RUBI-2-18x10.jpg 18w, https:\/\/moranoimperialroofs.com\/wp-content\/uploads\/2025\/01\/RUBI-2-600x323.jpg 600w\" sizes=\"(max-width: 1280px) 100vw, 1280px\" \/><\/a><\/figure><div class=\"elementor-image-box-content\"><h3 class=\"elementor-image-box-title\"><a href=\"https:\/\/moranoimperialroofs.com\/es\/producto\/floridian-style-fiorentina\/\">Floridian Style Flat<\/a><\/h3><\/div><\/div>\t\t\t\t<\/div>\n\t\t\t\t<\/div>\n\t\t\t\t<\/div>\n\t\t\t\t<\/div>\n\t\t\t\t<\/div>\n\t\t\t\t\t<\/div>\n\t\t\t\t<\/div>\n\t\t\t\t<\/div>\n\t\t<div class=\"elementor-element elementor-element-4068429 e-con-full e-flex e-con e-parent\" data-id=\"4068429\" data-element_type=\"container\">\n\t\t<div class=\"elementor-element elementor-element-8dae30c e-flex e-con-boxed e-con e-child\" data-id=\"8dae30c\" data-element_type=\"container\">\n\t\t\t\t\t<div class=\"e-con-inner\">\n\t\t<div class=\"elementor-element elementor-element-e430f6b e-con-full e-flex e-con e-child\" data-id=\"e430f6b\" data-element_type=\"container\" data-settings=\"{&quot;background_background&quot;:&quot;classic&quot;}\">\n\t\t\t\t<div class=\"elementor-element elementor-element-dfd7f5c elementor-widget elementor-widget-text-editor\" data-id=\"dfd7f5c\" data-element_type=\"widget\" data-widget_type=\"text-editor.default\">\n\t\t\t\t<div class=\"elementor-widget-container\">\n\t\t\t\t\t\t\t\t\t<p class=\"p1\">With our design simulator, our partners can visualize how concrete tiles fit into their projects, enabling more precise planning and results that exceed expectations.<\/p>\t\t\t\t\t\t\t\t<\/div>\n\t\t\t\t<\/div>\n\t\t\t\t<\/div>\n\t\t\t\t\t<\/div>\n\t\t\t\t<\/div>\n\t\t\t\t<div class=\"elementor-element elementor-element-7e095cc elementor-widget-divider--view-line elementor-widget elementor-widget-divider\" data-id=\"7e095cc\" data-element_type=\"widget\" data-widget_type=\"divider.default\">\n\t\t\t\t<div class=\"elementor-widget-container\">\n\t\t\t\t\t\t\t<div class=\"elementor-divider\">\n\t\t\t<span class=\"elementor-divider-separator\">\n\t\t\t\t\t\t<\/span>\n\t\t<\/div>\n\t\t\t\t\t\t<\/div>\n\t\t\t\t<\/div>\n\t\t<div class=\"elementor-element elementor-element-075a6fa e-flex e-con-boxed e-con e-child\" data-id=\"075a6fa\" data-element_type=\"container\">\n\t\t\t\t\t<div class=\"e-con-inner\">\n\t\t<div class=\"elementor-element elementor-element-26be7bb e-con-full e-flex e-con e-child\" data-id=\"26be7bb\" data-element_type=\"container\" data-settings=\"{&quot;background_background&quot;:&quot;classic&quot;}\">\n\t\t\t\t<div class=\"elementor-element elementor-element-9c4a957 elementor-widget elementor-widget-gallery\" data-id=\"9c4a957\" data-element_type=\"widget\" data-settings=\"{&quot;columns&quot;:2,&quot;lazyload&quot;:&quot;yes&quot;,&quot;gallery_layout&quot;:&quot;grid&quot;,&quot;columns_tablet&quot;:2,&quot;columns_mobile&quot;:1,&quot;gap&quot;:{&quot;unit&quot;:&quot;px&quot;,&quot;size&quot;:10,&quot;sizes&quot;:[]},&quot;gap_tablet&quot;:{&quot;unit&quot;:&quot;px&quot;,&quot;size&quot;:10,&quot;sizes&quot;:[]},&quot;gap_mobile&quot;:{&quot;unit&quot;:&quot;px&quot;,&quot;size&quot;:10,&quot;sizes&quot;:[]},&quot;link_to&quot;:&quot;file&quot;,&quot;aspect_ratio&quot;:&quot;3:2&quot;,&quot;overlay_background&quot;:&quot;yes&quot;,&quot;content_hover_animation&quot;:&quot;fade-in&quot;}\" data-widget_type=\"gallery.default\">\n\t\t\t\t<div class=\"elementor-widget-container\">\n\t\t\t\t\t\t\t<div class=\"elementor-gallery__container\">\n\t\t\t\t\t\t\t<a class=\"e-gallery-item elementor-gallery-item elementor-animated-content\" href=\"https:\/\/moranoimperialroofs.com\/wp-content\/uploads\/2025\/08\/WhatsApp-Image-2025-08-05-at-20.58.42-scaled.jpeg\" data-elementor-open-lightbox=\"yes\" data-elementor-lightbox-slideshow=\"9c4a957\" data-e-action-hash=\"#elementor-action%3Aaction%3Dlightbox%26settings%3DeyJpZCI6MTc2OSwidXJsIjoiaHR0cHM6XC9cL21vcmFub2ltcGVyaWFscm9vZnMuY29tXC93cC1jb250ZW50XC91cGxvYWRzXC8yMDI1XC8wOFwvV2hhdHNBcHAtSW1hZ2UtMjAyNS0wOC0wNS1hdC0yMC41OC40Mi1zY2FsZWQuanBlZyIsInNsaWRlc2hvdyI6IjljNGE5NTcifQ%3D%3D\">\n\t\t\t\t\t<div class=\"e-gallery-image elementor-gallery-item__image\" data-thumbnail=\"https:\/\/moranoimperialroofs.com\/wp-content\/uploads\/2025\/08\/WhatsApp-Image-2025-08-05-at-20.58.42-scaled.jpeg\" data-width=\"1920\" data-height=\"2560\" aria-label=\"\" role=\"img\" ><\/div>\n\t\t\t\t\t\t\t\t\t\t\t<div class=\"elementor-gallery-item__overlay\"><\/div>\n\t\t\t\t\t\t\t\t\t\t\t\t\t\t<\/a>\n\t\t\t\t\t\t\t<a class=\"e-gallery-item elementor-gallery-item elementor-animated-content\" href=\"https:\/\/moranoimperialroofs.com\/wp-content\/uploads\/2025\/08\/WhatsApp-Image-2025-08-05-at-21.02.19-1.jpeg\" data-elementor-open-lightbox=\"yes\" data-elementor-lightbox-slideshow=\"9c4a957\" data-e-action-hash=\"#elementor-action%3Aaction%3Dlightbox%26settings%3DeyJpZCI6MTc3MSwidXJsIjoiaHR0cHM6XC9cL21vcmFub2ltcGVyaWFscm9vZnMuY29tXC93cC1jb250ZW50XC91cGxvYWRzXC8yMDI1XC8wOFwvV2hhdHNBcHAtSW1hZ2UtMjAyNS0wOC0wNS1hdC0yMS4wMi4xOS0xLmpwZWciLCJzbGlkZXNob3ciOiI5YzRhOTU3In0%3D\">\n\t\t\t\t\t<div class=\"e-gallery-image elementor-gallery-item__image\" data-thumbnail=\"https:\/\/moranoimperialroofs.com\/wp-content\/uploads\/2025\/08\/WhatsApp-Image-2025-08-05-at-21.02.19-1.jpeg\" data-width=\"1280\" data-height=\"960\" aria-label=\"\" role=\"img\" ><\/div>\n\t\t\t\t\t\t\t\t\t\t\t<div class=\"elementor-gallery-item__overlay\"><\/div>\n\t\t\t\t\t\t\t\t\t\t\t\t\t\t<\/a>\n\t\t\t\t\t\t\t<a class=\"e-gallery-item elementor-gallery-item elementor-animated-content\" href=\"https:\/\/moranoimperialroofs.com\/wp-content\/uploads\/2025\/08\/WhatsApp-Image-2025-08-05-at-21.00.15.jpeg\" data-elementor-open-lightbox=\"yes\" data-elementor-lightbox-slideshow=\"9c4a957\" data-e-action-hash=\"#elementor-action%3Aaction%3Dlightbox%26settings%3DeyJpZCI6MTc3MCwidXJsIjoiaHR0cHM6XC9cL21vcmFub2ltcGVyaWFscm9vZnMuY29tXC93cC1jb250ZW50XC91cGxvYWRzXC8yMDI1XC8wOFwvV2hhdHNBcHAtSW1hZ2UtMjAyNS0wOC0wNS1hdC0yMS4wMC4xNS5qcGVnIiwic2xpZGVzaG93IjoiOWM0YTk1NyJ9\">\n\t\t\t\t\t<div class=\"e-gallery-image elementor-gallery-item__image\" data-thumbnail=\"https:\/\/moranoimperialroofs.com\/wp-content\/uploads\/2025\/08\/WhatsApp-Image-2025-08-05-at-21.00.15.jpeg\" data-width=\"1280\" data-height=\"960\" aria-label=\"\" role=\"img\" ><\/div>\n\t\t\t\t\t\t\t\t\t\t\t<div class=\"elementor-gallery-item__overlay\"><\/div>\n\t\t\t\t\t\t\t\t\t\t\t\t\t\t<\/a>\n\t\t\t\t\t\t\t<a class=\"e-gallery-item elementor-gallery-item elementor-animated-content\" href=\"https:\/\/moranoimperialroofs.com\/wp-content\/uploads\/2025\/08\/WhatsApp-Image-2025-08-06-at-21.14.42-scaled.jpeg\" data-elementor-open-lightbox=\"yes\" data-elementor-lightbox-slideshow=\"9c4a957\" data-e-action-hash=\"#elementor-action%3Aaction%3Dlightbox%26settings%3DeyJpZCI6MTgxNywidXJsIjoiaHR0cHM6XC9cL21vcmFub2ltcGVyaWFscm9vZnMuY29tXC93cC1jb250ZW50XC91cGxvYWRzXC8yMDI1XC8wOFwvV2hhdHNBcHAtSW1hZ2UtMjAyNS0wOC0wNi1hdC0yMS4xNC40Mi1zY2FsZWQuanBlZyIsInNsaWRlc2hvdyI6IjljNGE5NTcifQ%3D%3D\">\n\t\t\t\t\t<div class=\"e-gallery-image elementor-gallery-item__image\" data-thumbnail=\"https:\/\/moranoimperialroofs.com\/wp-content\/uploads\/2025\/08\/WhatsApp-Image-2025-08-06-at-21.14.42-scaled.jpeg\" data-width=\"1920\" data-height=\"2560\" aria-label=\"\" role=\"img\" ><\/div>\n\t\t\t\t\t\t\t\t\t\t\t<div class=\"elementor-gallery-item__overlay\"><\/div>\n\t\t\t\t\t\t\t\t\t\t\t\t\t\t<\/a>\n\t\t\t\t\t\t\t<a class=\"e-gallery-item elementor-gallery-item elementor-animated-content\" href=\"https:\/\/moranoimperialroofs.com\/wp-content\/uploads\/2025\/08\/WhatsApp-Image-2025-08-06-at-21.14.41-scaled.jpeg\" data-elementor-open-lightbox=\"yes\" data-elementor-lightbox-slideshow=\"9c4a957\" data-e-action-hash=\"#elementor-action%3Aaction%3Dlightbox%26settings%3DeyJpZCI6MTgxNiwidXJsIjoiaHR0cHM6XC9cL21vcmFub2ltcGVyaWFscm9vZnMuY29tXC93cC1jb250ZW50XC91cGxvYWRzXC8yMDI1XC8wOFwvV2hhdHNBcHAtSW1hZ2UtMjAyNS0wOC0wNi1hdC0yMS4xNC40MS1zY2FsZWQuanBlZyIsInNsaWRlc2hvdyI6IjljNGE5NTcifQ%3D%3D\">\n\t\t\t\t\t<div class=\"e-gallery-image elementor-gallery-item__image\" data-thumbnail=\"https:\/\/moranoimperialroofs.com\/wp-content\/uploads\/2025\/08\/WhatsApp-Image-2025-08-06-at-21.14.41-scaled.jpeg\" data-width=\"1920\" data-height=\"2560\" aria-label=\"\" role=\"img\" ><\/div>\n\t\t\t\t\t\t\t\t\t\t\t<div class=\"elementor-gallery-item__overlay\"><\/div>\n\t\t\t\t\t\t\t\t\t\t\t\t\t\t<\/a>\n\t\t\t\t\t\t\t<a class=\"e-gallery-item elementor-gallery-item elementor-animated-content\" href=\"https:\/\/moranoimperialroofs.com\/wp-content\/uploads\/2025\/08\/WhatsApp-Image-2025-08-05-at-21.02.19.jpeg\" data-elementor-open-lightbox=\"yes\" data-elementor-lightbox-slideshow=\"9c4a957\" data-e-action-hash=\"#elementor-action%3Aaction%3Dlightbox%26settings%3DeyJpZCI6MTc3MiwidXJsIjoiaHR0cHM6XC9cL21vcmFub2ltcGVyaWFscm9vZnMuY29tXC93cC1jb250ZW50XC91cGxvYWRzXC8yMDI1XC8wOFwvV2hhdHNBcHAtSW1hZ2UtMjAyNS0wOC0wNS1hdC0yMS4wMi4xOS5qcGVnIiwic2xpZGVzaG93IjoiOWM0YTk1NyJ9\">\n\t\t\t\t\t<div class=\"e-gallery-image elementor-gallery-item__image\" data-thumbnail=\"https:\/\/moranoimperialroofs.com\/wp-content\/uploads\/2025\/08\/WhatsApp-Image-2025-08-05-at-21.02.19.jpeg\" data-width=\"1187\" data-height=\"1280\" aria-label=\"\" role=\"img\" ><\/div>\n\t\t\t\t\t\t\t\t\t\t\t<div class=\"elementor-gallery-item__overlay\"><\/div>\n\t\t\t\t\t\t\t\t\t\t\t\t\t\t<\/a>\n\t\t\t\t\t<\/div>\n\t\t\t\t\t<\/div>\n\t\t\t\t<\/div>\n\t\t\t\t<\/div>\n\t\t<div class=\"elementor-element elementor-element-c85aec1 e-con-full e-flex e-con e-child\" data-id=\"c85aec1\" data-element_type=\"container\" data-settings=\"{&quot;background_background&quot;:&quot;classic&quot;}\">\n\t\t\t\t<div class=\"elementor-element elementor-element-c3a5c6f elementor-widget elementor-widget-video\" data-id=\"c3a5c6f\" data-element_type=\"widget\" data-settings=\"{&quot;video_type&quot;:&quot;hosted&quot;,&quot;autoplay&quot;:&quot;yes&quot;,&quot;play_on_mobile&quot;:&quot;yes&quot;,&quot;mute&quot;:&quot;yes&quot;,&quot;loop&quot;:&quot;yes&quot;}\" data-widget_type=\"video.default\">\n\t\t\t\t<div class=\"elementor-widget-container\">\n\t\t\t\t\t\t\t<div class=\"e-hosted-video elementor-wrapper elementor-open-inline\">\n\t\t\t\t\t<video class=\"elementor-video\" src=\"https:\/\/moranoimperialroofs.com\/wp-content\/uploads\/2025\/08\/WhatsApp-Video-2025-08-06-at-21.14.42.mp4\" autoplay=\"\" loop=\"\" muted=\"muted\" playsinline=\"\" controlslist=\"nodownload\"><\/video>\n\t\t\t\t<\/div>\n\t\t\t\t\t\t<\/div>\n\t\t\t\t<\/div>\n\t\t\t\t<\/div>\n\t\t\t\t\t<\/div>\n\t\t\t\t<\/div>\n\t\t\t\t<\/div>\n\t\t\t\t<\/div>","protected":false},"excerpt":{"rendered":"<p>Our tiles are produced in Colombia by MORANO GRUPPO, a company awarded by BID GROUP ONE in the gold category for quality of products and services in 2017. Read more By working with us, you will have peace of mind knowing that you are working with a supplier committed to excellence and customer satisfaction. We [&hellip;]<\/p>","protected":false},"author":1,"featured_media":0,"parent":0,"menu_order":0,"comment_status":"closed","ping_status":"closed","template":"","meta":{"site-sidebar-layout":"no-sidebar","site-content-layout":"","ast-site-content-layout":"full-width-container","site-content-style":"default","site-sidebar-style":"default","ast-global-header-display":"","ast-banner-title-visibility":"","ast-main-header-display":"","ast-hfb-above-header-display":"","ast-hfb-below-header-display":"","ast-hfb-mobile-header-display":"","site-post-title":"disabled","ast-breadcrumbs-content":"","ast-featured-img":"disabled","footer-sml-layout":"","ast-disable-related-posts":"","theme-transparent-header-meta":"default","adv-header-id-meta":"","stick-header-meta":"","header-above-stick-meta":"","header-main-stick-meta":"","header-below-stick-meta":"","astra-migrate-meta-layouts":"set","ast-page-background-enabled":"default","ast-page-background-meta":{"desktop":{"background-color":"var(--ast-global-color-4)","background-image":"","background-repeat":"repeat","background-position":"center center","background-size":"auto","background-attachment":"scroll","background-type":"","background-media":"","overlay-type":"","overlay-color":"","overlay-opacity":"","overlay-gradient":""},"tablet":{"background-color":"","background-image":"","background-repeat":"repeat","background-position":"center center","background-size":"auto","background-attachment":"scroll","background-type":"","background-media":"","overlay-type":"","overlay-color":"","overlay-opacity":"","overlay-gradient":""},"mobile":{"background-color":"","background-image":"","background-repeat":"repeat","background-position":"center center","background-size":"auto","background-attachment":"scroll","background-type":"","background-media":"","overlay-type":"","overlay-color":"","overlay-opacity":"","overlay-gradient":""}},"ast-content-background-meta":{"desktop":{"background-color":"var(--ast-global-color-5)","background-image":"","background-repeat":"repeat","background-position":"center center","background-size":"auto","background-attachment":"scroll","background-type":"","background-media":"","overlay-type":"","overlay-color":"","overlay-opacity":"","overlay-gradient":""},"tablet":{"background-color":"var(--ast-global-color-5)","background-image":"","background-repeat":"repeat","background-position":"center center","background-size":"auto","background-attachment":"scroll","background-type":"","background-media":"","overlay-type":"","overlay-color":"","overlay-opacity":"","overlay-gradient":""},"mobile":{"background-color":"var(--ast-global-color-5)","background-image":"","background-repeat":"repeat","background-position":"center center","background-size":"auto","background-attachment":"scroll","background-type":"","background-media":"","overlay-type":"","overlay-color":"","overlay-opacity":"","overlay-gradient":""}},"footnotes":""},"class_list":["post-333","page","type-page","status-publish","hentry"],"_links":{"self":[{"href":"https:\/\/moranoimperialroofs.com\/es\/wp-json\/wp\/v2\/pages\/333","targetHints":{"allow":["GET"]}}],"collection":[{"href":"https:\/\/moranoimperialroofs.com\/es\/wp-json\/wp\/v2\/pages"}],"about":[{"href":"https:\/\/moranoimperialroofs.com\/es\/wp-json\/wp\/v2\/types\/page"}],"author":[{"embeddable":true,"href":"https:\/\/moranoimperialroofs.com\/es\/wp-json\/wp\/v2\/users\/1"}],"replies":[{"embeddable":true,"href":"https:\/\/moranoimperialroofs.com\/es\/wp-json\/wp\/v2\/comments?post=333"}],"version-history":[{"count":488,"href":"https:\/\/moranoimperialroofs.com\/es\/wp-json\/wp\/v2\/pages\/333\/revisions"}],"predecessor-version":[{"id":1849,"href":"https:\/\/moranoimperialroofs.com\/es\/wp-json\/wp\/v2\/pages\/333\/revisions\/1849"}],"wp:attachment":[{"href":"https:\/\/moranoimperialroofs.com\/es\/wp-json\/wp\/v2\/media?parent=333"}],"curies":[{"name":"wp","href":"https:\/\/api.w.org\/{rel}","templated":true}]}}