{"id":1195,"date":"2025-01-11T21:17:30","date_gmt":"2025-01-12T02:17:30","guid":{"rendered":"https:\/\/moranorooftile.com\/?page_id=1195"},"modified":"2025-08-06T20:33:17","modified_gmt":"2025-08-07T01:33:17","slug":"design-simulator","status":"publish","type":"page","link":"https:\/\/moranoimperialroofs.com\/es\/design-simulator\/","title":{"rendered":"Simulador de Dise\u00f1o"},"content":{"rendered":"<div data-elementor-type=\"wp-page\" data-elementor-id=\"1195\" class=\"elementor elementor-1195\" data-elementor-post-type=\"page\">\n\t\t\t\t<div class=\"elementor-element elementor-element-341859c e-con-full e-flex e-con e-parent\" data-id=\"341859c\" data-element_type=\"container\">\n\t\t<div class=\"elementor-element elementor-element-5217b08 e-flex e-con-boxed e-con e-child\" data-id=\"5217b08\" data-element_type=\"container\" data-settings=\"{&quot;background_background&quot;:&quot;classic&quot;}\">\n\t\t\t\t\t<div class=\"e-con-inner\">\n\t\t<div class=\"elementor-element elementor-element-ab9b39a e-con-full e-flex e-con e-child\" data-id=\"ab9b39a\" data-element_type=\"container\" data-settings=\"{&quot;background_background&quot;:&quot;classic&quot;}\">\n\t\t\t\t<div class=\"elementor-element elementor-element-20034ee elementor-widget elementor-widget-heading\" data-id=\"20034ee\" data-element_type=\"widget\" data-widget_type=\"heading.default\">\n\t\t\t\t<div class=\"elementor-widget-container\">\n\t\t\t\t\t<h3 class=\"elementor-heading-title elementor-size-default\">Tipo de vivienda<\/h3>\t\t\t\t<\/div>\n\t\t\t\t<\/div>\n\t\t<div class=\"elementor-element elementor-element-ff30aea e-con-full e-flex e-con e-child\" data-id=\"ff30aea\" data-element_type=\"container\" data-settings=\"{&quot;background_background&quot;:&quot;classic&quot;}\">\n\t\t<div class=\"elementor-element elementor-element-608f715 e-con-full e-flex e-con e-child\" data-id=\"608f715\" data-element_type=\"container\" data-settings=\"{&quot;background_background&quot;:&quot;classic&quot;}\">\n\t\t\t\t<div class=\"elementor-element elementor-element-6764aea elementor-widget elementor-widget-image\" data-id=\"6764aea\" data-element_type=\"widget\" data-widget_type=\"image.default\">\n\t\t\t\t<div class=\"elementor-widget-container\">\n\t\t\t\t\t\t\t\t\t\t\t\t<figure class=\"wp-caption\">\n\t\t\t\t\t\t\t\t\t\t\t<a href=\"https:\/\/moranoimperialroofs.com\/es\/producto\/floridian-style-coppo-veneto\/\">\n\t\t\t\t\t\t\t<img fetchpriority=\"high\" decoding=\"async\" width=\"1280\" height=\"690\" src=\"https:\/\/moranoimperialroofs.com\/wp-content\/uploads\/2025\/01\/RUBI-copia.jpg\" class=\"attachment-full size-full wp-image-1568 wvs-archive-product-image\" alt=\"\" srcset=\"https:\/\/moranoimperialroofs.com\/wp-content\/uploads\/2025\/01\/RUBI-copia.jpg 1280w, https:\/\/moranoimperialroofs.com\/wp-content\/uploads\/2025\/01\/RUBI-copia-300x162.jpg 300w, https:\/\/moranoimperialroofs.com\/wp-content\/uploads\/2025\/01\/RUBI-copia-1024x552.jpg 1024w, https:\/\/moranoimperialroofs.com\/wp-content\/uploads\/2025\/01\/RUBI-copia-768x414.jpg 768w, https:\/\/moranoimperialroofs.com\/wp-content\/uploads\/2025\/01\/RUBI-copia-18x10.jpg 18w, https:\/\/moranoimperialroofs.com\/wp-content\/uploads\/2025\/01\/RUBI-copia-600x323.jpg 600w\" sizes=\"(max-width: 1280px) 100vw, 1280px\" \/>\t\t\t\t\t\t\t\t<\/a>\n\t\t\t\t\t\t\t\t\t\t\t<figcaption class=\"widget-image-caption wp-caption-text\">Estilo floridano Coppo Veneto<\/figcaption>\n\t\t\t\t\t\t\t\t\t\t<\/figure>\n\t\t\t\t\t\t\t\t\t<\/div>\n\t\t\t\t<\/div>\n\t\t\t\t<\/div>\n\t\t<div class=\"elementor-element elementor-element-00b5180 e-con-full e-flex e-con e-child\" data-id=\"00b5180\" data-element_type=\"container\" data-settings=\"{&quot;background_background&quot;:&quot;classic&quot;}\">\n\t\t\t\t<div class=\"elementor-element elementor-element-61dfc5f elementor-widget elementor-widget-image\" data-id=\"61dfc5f\" data-element_type=\"widget\" data-widget_type=\"image.default\">\n\t\t\t\t<div class=\"elementor-widget-container\">\n\t\t\t\t\t\t\t\t\t\t\t\t<figure class=\"wp-caption\">\n\t\t\t\t\t\t\t\t\t\t\t<a href=\"https:\/\/moranoimperialroofs.com\/es\/producto\/floridian-style-fiorentina\/\">\n\t\t\t\t\t\t\t<img decoding=\"async\" width=\"1280\" height=\"690\" src=\"https:\/\/moranoimperialroofs.com\/wp-content\/uploads\/2025\/01\/RUBI-2.jpg\" class=\"attachment-full size-full wp-image-1575 wvs-archive-product-image\" alt=\"\" srcset=\"https:\/\/moranoimperialroofs.com\/wp-content\/uploads\/2025\/01\/RUBI-2.jpg 1280w, https:\/\/moranoimperialroofs.com\/wp-content\/uploads\/2025\/01\/RUBI-2-300x162.jpg 300w, https:\/\/moranoimperialroofs.com\/wp-content\/uploads\/2025\/01\/RUBI-2-1024x552.jpg 1024w, https:\/\/moranoimperialroofs.com\/wp-content\/uploads\/2025\/01\/RUBI-2-768x414.jpg 768w, https:\/\/moranoimperialroofs.com\/wp-content\/uploads\/2025\/01\/RUBI-2-18x10.jpg 18w, https:\/\/moranoimperialroofs.com\/wp-content\/uploads\/2025\/01\/RUBI-2-600x323.jpg 600w\" sizes=\"(max-width: 1280px) 100vw, 1280px\" \/>\t\t\t\t\t\t\t\t<\/a>\n\t\t\t\t\t\t\t\t\t\t\t<figcaption class=\"widget-image-caption wp-caption-text\">Floridian Style Flat<\/figcaption>\n\t\t\t\t\t\t\t\t\t\t<\/figure>\n\t\t\t\t\t\t\t\t\t<\/div>\n\t\t\t\t<\/div>\n\t\t\t\t<\/div>\n\t\t\t\t<\/div>\n\t\t\t\t<\/div>\n\t\t\t\t\t<\/div>\n\t\t\t\t<\/div>\n\t\t<div class=\"elementor-element elementor-element-9bb3a50 e-flex e-con-boxed e-con e-child\" data-id=\"9bb3a50\" data-element_type=\"container\" data-settings=\"{&quot;background_background&quot;:&quot;classic&quot;}\">\n\t\t\t\t\t<div class=\"e-con-inner\">\n\t\t<div class=\"elementor-element elementor-element-6c8449c e-con-full e-flex e-con e-child\" data-id=\"6c8449c\" data-element_type=\"container\" data-settings=\"{&quot;background_background&quot;:&quot;classic&quot;}\">\n\t\t\t\t<div class=\"elementor-element elementor-element-f5cad87 elementor-widget elementor-widget-text-editor\" data-id=\"f5cad87\" data-element_type=\"widget\" data-widget_type=\"text-editor.default\">\n\t\t\t\t<div class=\"elementor-widget-container\">\n\t\t\t\t\t\t\t\t\t<p><b>\u00bfPor qu\u00e9 las tejas de hormig\u00f3n pueden tener variaciones de color?<\/b><\/p><p><span style=\"font-weight: 400;\">En Tejas Morano, nos enorgullecemos de ofrecer tejas de hormig\u00f3n de alta calidad que combinan resistencia, durabilidad y est\u00e9tica. Sin embargo, es importante tener en cuenta que debido a la naturaleza de los materiales utilizados, pueden producirse ligeras variaciones de color en las tejas.<\/span><\/p><p><span style=\"font-weight: 400;\">Estas diferencias no s\u00f3lo son normales, sino que a\u00f1aden un car\u00e1cter \u00fanico y aut\u00e9ntico a nuestros azulejos, reflejo de su proceso de fabricaci\u00f3n sostenible y artesanal. Le aseguramos que estas variaciones no comprometen en modo alguno la calidad, funcionalidad o durabilidad del producto.<\/span><\/p><p><span style=\"font-weight: 400;\">Si la uniformidad del color es esencial para proyectos espec\u00edficos, recomendamos comprar baldosas del mismo lote de producci\u00f3n. Nuestro equipo est\u00e1 siempre a su disposici\u00f3n para orientarle y garantizarle los mejores resultados para su proyecto.<\/span><\/p>\t\t\t\t\t\t\t\t<\/div>\n\t\t\t\t<\/div>\n\t\t\t\t<\/div>\n\t\t\t\t\t<\/div>\n\t\t\t\t<\/div>\n\t\t\t\t<\/div>\n\t\t\t\t<\/div>","protected":false},"excerpt":{"rendered":"<p>Type of house Floridian Style Coppo Veneto Floridian Style Flat Why Can Concrete Roof Tiles Have Color Variations? At Morano Imperial Roof, we take pride in offering high-quality concrete tiles that combine strength, durability, and aesthetics. However, it\u2019s important to note that due to the nature of the materials used, slight color variations in the [&hellip;]<\/p>","protected":false},"author":1,"featured_media":0,"parent":0,"menu_order":0,"comment_status":"closed","ping_status":"closed","template":"","meta":{"site-sidebar-layout":"no-sidebar","site-content-layout":"","ast-site-content-layout":"full-width-container","site-content-style":"default","site-sidebar-style":"default","ast-global-header-display":"","ast-banner-title-visibility":"","ast-main-header-display":"","ast-hfb-above-header-display":"","ast-hfb-below-header-display":"","ast-hfb-mobile-header-display":"","site-post-title":"disabled","ast-breadcrumbs-content":"","ast-featured-img":"disabled","footer-sml-layout":"","ast-disable-related-posts":"","theme-transparent-header-meta":"default","adv-header-id-meta":"","stick-header-meta":"default","header-above-stick-meta":"","header-main-stick-meta":"","header-below-stick-meta":"","astra-migrate-meta-layouts":"set","ast-page-background-enabled":"default","ast-page-background-meta":{"desktop":{"background-color":"var(--ast-global-color-4)","background-image":"","background-repeat":"repeat","background-position":"center center","background-size":"auto","background-attachment":"scroll","background-type":"","background-media":"","overlay-type":"","overlay-color":"","overlay-opacity":"","overlay-gradient":""},"tablet":{"background-color":"","background-image":"","background-repeat":"repeat","background-position":"center center","background-size":"auto","background-attachment":"scroll","background-type":"","background-media":"","overlay-type":"","overlay-color":"","overlay-opacity":"","overlay-gradient":""},"mobile":{"background-color":"","background-image":"","background-repeat":"repeat","background-position":"center center","background-size":"auto","background-attachment":"scroll","background-type":"","background-media":"","overlay-type":"","overlay-color":"","overlay-opacity":"","overlay-gradient":""}},"ast-content-background-meta":{"desktop":{"background-color":"var(--ast-global-color-5)","background-image":"","background-repeat":"repeat","background-position":"center center","background-size":"auto","background-attachment":"scroll","background-type":"","background-media":"","overlay-type":"","overlay-color":"","overlay-opacity":"","overlay-gradient":""},"tablet":{"background-color":"var(--ast-global-color-5)","background-image":"","background-repeat":"repeat","background-position":"center center","background-size":"auto","background-attachment":"scroll","background-type":"","background-media":"","overlay-type":"","overlay-color":"","overlay-opacity":"","overlay-gradient":""},"mobile":{"background-color":"var(--ast-global-color-5)","background-image":"","background-repeat":"repeat","background-position":"center center","background-size":"auto","background-attachment":"scroll","background-type":"","background-media":"","overlay-type":"","overlay-color":"","overlay-opacity":"","overlay-gradient":""}},"footnotes":""},"class_list":["post-1195","page","type-page","status-publish","hentry"],"_links":{"self":[{"href":"https:\/\/moranoimperialroofs.com\/es\/wp-json\/wp\/v2\/pages\/1195","targetHints":{"allow":["GET"]}}],"collection":[{"href":"https:\/\/moranoimperialroofs.com\/es\/wp-json\/wp\/v2\/pages"}],"about":[{"href":"https:\/\/moranoimperialroofs.com\/es\/wp-json\/wp\/v2\/types\/page"}],"author":[{"embeddable":true,"href":"https:\/\/moranoimperialroofs.com\/es\/wp-json\/wp\/v2\/users\/1"}],"replies":[{"embeddable":true,"href":"https:\/\/moranoimperialroofs.com\/es\/wp-json\/wp\/v2\/comments?post=1195"}],"version-history":[{"count":49,"href":"https:\/\/moranoimperialroofs.com\/es\/wp-json\/wp\/v2\/pages\/1195\/revisions"}],"predecessor-version":[{"id":1778,"href":"https:\/\/moranoimperialroofs.com\/es\/wp-json\/wp\/v2\/pages\/1195\/revisions\/1778"}],"wp:attachment":[{"href":"https:\/\/moranoimperialroofs.com\/es\/wp-json\/wp\/v2\/media?parent=1195"}],"curies":[{"name":"wp","href":"https:\/\/api.w.org\/{rel}","templated":true}]}}